{"id":6821,"date":"2025-08-26T14:46:37","date_gmt":"2025-08-26T18:46:37","guid":{"rendered":"https:\/\/govotemiami.org\/deklarasyon-akse\/"},"modified":"2025-08-26T14:46:45","modified_gmt":"2025-08-26T18:46:45","slug":"deklarasyon-akse","status":"publish","type":"page","link":"https:\/\/govotemiami.org\/ht\/deklarasyon-akse\/","title":{"rendered":"Deklarasyon aks\u00e8"},"content":{"rendered":"\n<h6 class=\"wp-block-heading has-text-align-center\">Deklarasyon Aks\u00e8 pou https:\/\/govotemiami.com<\/h6>\n\n<p><strong>GoVoteMiami<\/strong> angaje nan asire aks\u00e8 dijital pou moun ki gen andikap. Nou toujou ap amelyore eksperyans nan itilizat\u00e8 pou tout moun ak aplike estanda yo aks\u00e8 ki enp\u00f2tan.<\/p>\n\n<h6 class=\"wp-block-heading\">Estati konf\u00f2mite<\/h6>\n\n<p>Direktiv Aks\u00e8 kontni ent\u00e8n\u00e8t (WCAG) defini kondisyon pou kons\u00e8pteur ak devlop\u00e8 amelyore aks\u00e8 pou moun ki gen andikap. Li defini twa nivo nan konf\u00f2mite: Nivo A, Nivo AA, ak Nivo AAA.<\/p>\n\n<p><strong>GoVoteMiami<\/strong> ap f\u00e8 ef\u00f2 konstan pou amelyore aks\u00e8 nan sit li yo ak s\u00e8vis nan kwayans ke li se obligasyon moral kolektif nou yo p\u00e8m\u00e8t san pwobl\u00e8m, aksesib, ak itilizasyon anba pou moun nan nou ki gen andikap.<\/p>\n\n<p>Nou vize f\u00e8 tout paj ak kontni sou <strong>https:\/\/govotemiami.com<\/strong> aksesib, men gen k\u00e8k kontni pa ka ank\u00f2 satisf\u00e8 estanda yo aks\u00e8 ki pi wo. Sa a ta ka ak\u00f2z defi nan idantifye solisyon an teknolojik ki pi apwopriye.<\/p>\n\n<p>Nou ka revize Deklarasyon sa a detanzantan pou reflete amelyorasyon oswa chanjman nan pratik aks\u00e8 nou yo.<\/p>\n\n<h6 class=\"wp-block-heading\">Fidbak<\/h6>\n\n<p>Nou akeyi fidbak ou sou aks\u00e8 a nan sit ent\u00e8n\u00e8t <strong>GoVoteMiami<\/strong> . Tanpri f\u00e8 nou konnen si ou rankontre bary\u00e8 aks\u00e8 sou sit ent\u00e8n\u00e8t nou an:<\/p>\n\n<p>L\u00e8t elektwon: <strong>info@govotemiami.com<\/strong><\/p>\n\n<p>Nou eseye reponn a fidbak nan 3-5 jou ouvrab.<\/p>\n\n<p>Deklarasyon sa a te kreye sou 8\/26\/2025.  <\/p>\n","protected":false},"excerpt":{"rendered":"<p>Deklarasyon Aks\u00e8 pou https:\/\/govotemiami.com GoVoteMiami angaje nan asire aks\u00e8 dijital pou moun ki gen andikap. Nou toujou ap amelyore eksperyans nan itilizat\u00e8 pou tout moun ak aplike estanda yo aks\u00e8 ki enp\u00f2tan. Estati konf\u00f2mite Direktiv Aks\u00e8 kontni ent\u00e8n\u00e8t (WCAG) defini kondisyon pou kons\u00e8pteur ak devlop\u00e8 amelyore aks\u00e8 pou moun ki gen andikap. Li defini twa [&hellip;]<\/p>\n","protected":false},"author":1,"featured_media":0,"parent":0,"menu_order":0,"comment_status":"closed","ping_status":"closed","template":"","meta":{"_acf_changed":false,"give_campaign_id":0,"site-sidebar-layout":"default","site-content-layout":"","ast-site-content-layout":"default","site-content-style":"default","site-sidebar-style":"default","ast-global-header-display":"","ast-banner-title-visibility":"","ast-main-header-display":"","ast-hfb-above-header-display":"","ast-hfb-below-header-display":"","ast-hfb-mobile-header-display":"","site-post-title":"","ast-breadcrumbs-content":"","ast-featured-img":"","footer-sml-layout":"","ast-disable-related-posts":"","theme-transparent-header-meta":"","adv-header-id-meta":"","stick-header-meta":"","header-above-stick-meta":"","header-main-stick-meta":"","header-below-stick-meta":"","astra-migrate-meta-layouts":"default","ast-page-background-enabled":"default","ast-page-background-meta":{"desktop":{"background-color":"","background-image":"","background-repeat":"repeat","background-position":"center center","background-size":"auto","background-attachment":"scroll","background-type":"","background-media":"","overlay-type":"","overlay-color":"","overlay-opacity":"","overlay-gradient":""},"tablet":{"background-color":"","background-image":"","background-repeat":"repeat","background-position":"center center","background-size":"auto","background-attachment":"scroll","background-type":"","background-media":"","overlay-type":"","overlay-color":"","overlay-opacity":"","overlay-gradient":""},"mobile":{"background-color":"","background-image":"","background-repeat":"repeat","background-position":"center center","background-size":"auto","background-attachment":"scroll","background-type":"","background-media":"","overlay-type":"","overlay-color":"","overlay-opacity":"","overlay-gradient":""}},"ast-content-background-meta":{"desktop":{"background-color":"var(--ast-global-color-5)","background-image":"","background-repeat":"repeat","background-position":"center center","background-size":"auto","background-attachment":"scroll","background-type":"","background-media":"","overlay-type":"","overlay-color":"","overlay-opacity":"","overlay-gradient":""},"tablet":{"background-color":"var(--ast-global-color-5)","background-image":"","background-repeat":"repeat","background-position":"center center","background-size":"auto","background-attachment":"scroll","background-type":"","background-media":"","overlay-type":"","overlay-color":"","overlay-opacity":"","overlay-gradient":""},"mobile":{"background-color":"var(--ast-global-color-5)","background-image":"","background-repeat":"repeat","background-position":"center center","background-size":"auto","background-attachment":"scroll","background-type":"","background-media":"","overlay-type":"","overlay-color":"","overlay-opacity":"","overlay-gradient":""}},"footnotes":""},"class_list":["post-6821","page","type-page","status-publish","hentry"],"acf":[],"campaignId":"","_links":{"self":[{"href":"https:\/\/govotemiami.org\/ht\/wp-json\/wp\/v2\/pages\/6821","targetHints":{"allow":["GET"]}}],"collection":[{"href":"https:\/\/govotemiami.org\/ht\/wp-json\/wp\/v2\/pages"}],"about":[{"href":"https:\/\/govotemiami.org\/ht\/wp-json\/wp\/v2\/types\/page"}],"author":[{"embeddable":true,"href":"https:\/\/govotemiami.org\/ht\/wp-json\/wp\/v2\/users\/1"}],"replies":[{"embeddable":true,"href":"https:\/\/govotemiami.org\/ht\/wp-json\/wp\/v2\/comments?post=6821"}],"version-history":[{"count":1,"href":"https:\/\/govotemiami.org\/ht\/wp-json\/wp\/v2\/pages\/6821\/revisions"}],"predecessor-version":[{"id":6822,"href":"https:\/\/govotemiami.org\/ht\/wp-json\/wp\/v2\/pages\/6821\/revisions\/6822"}],"wp:attachment":[{"href":"https:\/\/govotemiami.org\/ht\/wp-json\/wp\/v2\/media?parent=6821"}],"curies":[{"name":"wp","href":"https:\/\/api.w.org\/{rel}","templated":true}]}}