{"id":6820,"date":"2025-08-26T14:46:37","date_gmt":"2025-08-26T18:46:37","guid":{"rendered":"https:\/\/govotemiami.org\/declaracion-de-accesibilidad\/"},"modified":"2025-08-26T14:46:45","modified_gmt":"2025-08-26T18:46:45","slug":"declaracion-de-accesibilidad","status":"publish","type":"page","link":"https:\/\/govotemiami.org\/es\/declaracion-de-accesibilidad\/","title":{"rendered":"Declaraci\u00f3n de accesibilidad"},"content":{"rendered":"\n<h6 class=\"wp-block-heading has-text-align-center\">Declaraci\u00f3n de accesibilidad para https:\/\/govotemiami.com<\/h6>\n\n<p><strong>GoVoteMiami<\/strong> se compromete a garantizar la accesibilidad digital para las personas con discapacidades. Mejoramos continuamente la experiencia del usuario para todos y aplicamos los est\u00e1ndares de accesibilidad pertinentes.<\/p>\n\n<h6 class=\"wp-block-heading\">Estado de conformidad<\/h6>\n\n<p>Las Pautas de accesibilidad al contenido web (WCAG) definen los requisitos para que los dise\u00f1adores y desarrolladores mejoren la accesibilidad para las personas con discapacidades. Define tres niveles de conformidad: Nivel A, Nivel AA y Nivel AAA.<\/p>\n\n<p><strong>GoVoteMiami<\/strong> est\u00e1 haciendo esfuerzos constantes para mejorar la accesibilidad de su sitio y servicios en la creencia de que es nuestra obligaci\u00f3n moral colectiva permitir un uso fluido, accesible y sin obst\u00e1culos para aquellos de nosotros con discapacidades.<\/p>\n\n<p>Nuestro objetivo es hacer que todas las p\u00e1ginas y el contenido <strong>de https:\/\/govotemiami.com<\/strong> sean accesibles, pero es posible que algunos contenidos a\u00fan no cumplan plenamente con los m\u00e1s altos est\u00e1ndares de accesibilidad. Esto podr\u00eda deberse a desaf\u00edos para identificar la soluci\u00f3n tecnol\u00f3gica m\u00e1s adecuada.<\/p>\n\n<p>Podemos revisar esta Declaraci\u00f3n peri\u00f3dicamente para reflejar mejoras o cambios en nuestras pr\u00e1cticas de accesibilidad.<\/p>\n\n<h6 class=\"wp-block-heading\">Retroalimentaci\u00f3n<\/h6>\n\n<p>Agradecemos sus comentarios sobre la accesibilidad del sitio web <strong>GoVoteMiami<\/strong> . H\u00e1ganos saber si encuentra barreras de accesibilidad en nuestro sitio web:<\/p>\n\n<p>Correo electr\u00f3nico: <strong>info@govotemiami.com<\/strong><\/p>\n\n<p>Intentamos responder a los comentarios en un plazo de 3 a 5 d\u00edas h\u00e1biles.<\/p>\n\n<p>Esta declaraci\u00f3n fue creada el 26\/08\/2025.  <\/p>\n","protected":false},"excerpt":{"rendered":"<p>Declaraci\u00f3n de accesibilidad para https:\/\/govotemiami.com GoVoteMiami se compromete a garantizar la accesibilidad digital para las personas con discapacidades. Mejoramos continuamente la experiencia del usuario para todos y aplicamos los est\u00e1ndares de accesibilidad pertinentes. Estado de conformidad Las Pautas de accesibilidad al contenido web (WCAG) definen los requisitos para que los dise\u00f1adores y desarrolladores mejoren la [&hellip;]<\/p>\n","protected":false},"author":1,"featured_media":0,"parent":0,"menu_order":0,"comment_status":"closed","ping_status":"closed","template":"","meta":{"_acf_changed":false,"give_campaign_id":0,"site-sidebar-layout":"default","site-content-layout":"","ast-site-content-layout":"default","site-content-style":"default","site-sidebar-style":"default","ast-global-header-display":"","ast-banner-title-visibility":"","ast-main-header-display":"","ast-hfb-above-header-display":"","ast-hfb-below-header-display":"","ast-hfb-mobile-header-display":"","site-post-title":"","ast-breadcrumbs-content":"","ast-featured-img":"","footer-sml-layout":"","ast-disable-related-posts":"","theme-transparent-header-meta":"","adv-header-id-meta":"","stick-header-meta":"","header-above-stick-meta":"","header-main-stick-meta":"","header-below-stick-meta":"","astra-migrate-meta-layouts":"default","ast-page-background-enabled":"default","ast-page-background-meta":{"desktop":{"background-color":"","background-image":"","background-repeat":"repeat","background-position":"center center","background-size":"auto","background-attachment":"scroll","background-type":"","background-media":"","overlay-type":"","overlay-color":"","overlay-opacity":"","overlay-gradient":""},"tablet":{"background-color":"","background-image":"","background-repeat":"repeat","background-position":"center center","background-size":"auto","background-attachment":"scroll","background-type":"","background-media":"","overlay-type":"","overlay-color":"","overlay-opacity":"","overlay-gradient":""},"mobile":{"background-color":"","background-image":"","background-repeat":"repeat","background-position":"center center","background-size":"auto","background-attachment":"scroll","background-type":"","background-media":"","overlay-type":"","overlay-color":"","overlay-opacity":"","overlay-gradient":""}},"ast-content-background-meta":{"desktop":{"background-color":"var(--ast-global-color-5)","background-image":"","background-repeat":"repeat","background-position":"center center","background-size":"auto","background-attachment":"scroll","background-type":"","background-media":"","overlay-type":"","overlay-color":"","overlay-opacity":"","overlay-gradient":""},"tablet":{"background-color":"var(--ast-global-color-5)","background-image":"","background-repeat":"repeat","background-position":"center center","background-size":"auto","background-attachment":"scroll","background-type":"","background-media":"","overlay-type":"","overlay-color":"","overlay-opacity":"","overlay-gradient":""},"mobile":{"background-color":"var(--ast-global-color-5)","background-image":"","background-repeat":"repeat","background-position":"center center","background-size":"auto","background-attachment":"scroll","background-type":"","background-media":"","overlay-type":"","overlay-color":"","overlay-opacity":"","overlay-gradient":""}},"footnotes":""},"class_list":["post-6820","page","type-page","status-publish","hentry"],"acf":[],"campaignId":"","_links":{"self":[{"href":"https:\/\/govotemiami.org\/es\/wp-json\/wp\/v2\/pages\/6820","targetHints":{"allow":["GET"]}}],"collection":[{"href":"https:\/\/govotemiami.org\/es\/wp-json\/wp\/v2\/pages"}],"about":[{"href":"https:\/\/govotemiami.org\/es\/wp-json\/wp\/v2\/types\/page"}],"author":[{"embeddable":true,"href":"https:\/\/govotemiami.org\/es\/wp-json\/wp\/v2\/users\/1"}],"replies":[{"embeddable":true,"href":"https:\/\/govotemiami.org\/es\/wp-json\/wp\/v2\/comments?post=6820"}],"version-history":[{"count":1,"href":"https:\/\/govotemiami.org\/es\/wp-json\/wp\/v2\/pages\/6820\/revisions"}],"predecessor-version":[{"id":6823,"href":"https:\/\/govotemiami.org\/es\/wp-json\/wp\/v2\/pages\/6820\/revisions\/6823"}],"wp:attachment":[{"href":"https:\/\/govotemiami.org\/es\/wp-json\/wp\/v2\/media?parent=6820"}],"curies":[{"name":"wp","href":"https:\/\/api.w.org\/{rel}","templated":true}]}}